{"id":297,"date":"2025-12-24T18:44:57","date_gmt":"2025-12-24T18:44:57","guid":{"rendered":"https:\/\/ncriogensolutions.com\/?post_type=product&#038;p=297"},"modified":"2025-12-24T18:44:57","modified_gmt":"2025-12-24T18:44:57","slug":"gel-sec-per-a-us-professional","status":"publish","type":"product","link":"https:\/\/ncriogensolutions.com\/ca\/producto\/hielo-seco-para-uso-profesional\/","title":{"rendered":"Gel sec per a \u00fas professional"},"content":{"rendered":"<p data-start=\"573\" data-end=\"764\">El <strong data-start=\"576\" data-end=\"603\">gel sec (CO\u2082 s\u00f2lid)<\/strong> \u00e9s una soluci\u00f3 efica\u00e7 per a aplicacions que requereixen <strong data-start=\"659\" data-end=\"687\">fred extrem sense humitat<\/strong>, sent ideal per a conservaci\u00f3, transport i processos t\u00e8cnics espec\u00edfics.<\/p>\n<p data-start=\"766\" data-end=\"1032\">A Nitrotech Criogen Solutions oferim <strong data-start=\"807\" data-end=\"842\">gel sec per a \u00fas professional<\/strong>, amb un subministrament segur, puntual i adaptat a les necessitats de cada client. El nostre servei est\u00e0 orientat a sectors que requereixen fiabilitat, rapidesa i control a la cadena de fred.<\/p>\n<p data-start=\"1034\" data-end=\"1062\"><strong data-start=\"1034\" data-end=\"1062\">Aplicacions habituals:<\/strong><\/p>\n<ul data-start=\"1063\" data-end=\"1256\">\n<li data-start=\"1063\" data-end=\"1115\">\n<p data-start=\"1065\" data-end=\"1115\">Conservaci\u00f3 i transport de productes sensibles<\/p>\n<\/li>\n<li data-start=\"1116\" data-end=\"1149\">\n<p data-start=\"1118\" data-end=\"1149\">Ind\u00fastria i processos t\u00e8cnics<\/p>\n<\/li>\n<li data-start=\"1150\" data-end=\"1180\">\n<p data-start=\"1152\" data-end=\"1180\">Alimentaci\u00f3 i alta cuina<\/p>\n<\/li>\n<li data-start=\"1181\" data-end=\"1215\">\n<p data-start=\"1183\" data-end=\"1215\">Log\u00edstica i esdeveniments especials<\/p>\n<\/li>\n<li data-start=\"1216\" data-end=\"1256\">\n<p data-start=\"1218\" data-end=\"1256\">Neteja criog\u00e8nica (segons aplicaci\u00f3)<\/p>\n<\/li>\n<\/ul>\n<p data-start=\"1258\" data-end=\"1291\"><strong data-start=\"1258\" data-end=\"1291\">Caracter\u00edstiques del servei:<\/strong><\/p>\n<ul data-start=\"1292\" data-end=\"1454\">\n<li data-start=\"1292\" data-end=\"1322\">\n<p data-start=\"1294\" data-end=\"1322\">Gel sec d&#039;alta qualitat<\/p>\n<\/li>\n<li data-start=\"1323\" data-end=\"1354\">\n<p data-start=\"1325\" data-end=\"1354\">Lliurament r\u00e0pid i controlat<\/p>\n<\/li>\n<li data-start=\"1355\" data-end=\"1378\">\n<p data-start=\"1357\" data-end=\"1378\">Manipulaci\u00f3 segura<\/p>\n<\/li>\n<li data-start=\"1379\" data-end=\"1413\">\n<p data-start=\"1381\" data-end=\"1413\">Assessorament t\u00e8cnic incl\u00f2s<\/p>\n<\/li>\n<li data-start=\"1414\" data-end=\"1454\">\n<p data-start=\"1416\" data-end=\"1454\">Servei disponible a tot Catalunya<\/p>\n<\/li>\n<\/ul>","protected":false},"excerpt":{"rendered":"<p>Subministrament de gel sec per a aplicacions professionals que requereixen fred extrem, conservaci\u00f3 segura i transport controlat a tot Catalunya.<\/p>","protected":false},"featured_media":298,"comment_status":"open","ping_status":"closed","template":"","meta":[],"product_brand":[],"product_cat":[23,21],"product_tag":[],"class_list":{"0":"post-297","1":"product","2":"type-product","3":"status-publish","4":"has-post-thumbnail","6":"product_cat-hielo-seco","7":"product_cat-productos-criogenicos","9":"first","10":"instock","11":"shipping-taxable","12":"product-type-simple"},"_links":{"self":[{"href":"https:\/\/ncriogensolutions.com\/ca\/wp-json\/wp\/v2\/product\/297","targetHints":{"allow":["GET"]}}],"collection":[{"href":"https:\/\/ncriogensolutions.com\/ca\/wp-json\/wp\/v2\/product"}],"about":[{"href":"https:\/\/ncriogensolutions.com\/ca\/wp-json\/wp\/v2\/types\/product"}],"replies":[{"embeddable":true,"href":"https:\/\/ncriogensolutions.com\/ca\/wp-json\/wp\/v2\/comments?post=297"}],"wp:featuredmedia":[{"embeddable":true,"href":"https:\/\/ncriogensolutions.com\/ca\/wp-json\/wp\/v2\/media\/298"}],"wp:attachment":[{"href":"https:\/\/ncriogensolutions.com\/ca\/wp-json\/wp\/v2\/media?parent=297"}],"wp:term":[{"taxonomy":"product_brand","embeddable":true,"href":"https:\/\/ncriogensolutions.com\/ca\/wp-json\/wp\/v2\/product_brand?post=297"},{"taxonomy":"product_cat","embeddable":true,"href":"https:\/\/ncriogensolutions.com\/ca\/wp-json\/wp\/v2\/product_cat?post=297"},{"taxonomy":"product_tag","embeddable":true,"href":"https:\/\/ncriogensolutions.com\/ca\/wp-json\/wp\/v2\/product_tag?post=297"}],"curies":[{"name":"wp","href":"https:\/\/api.w.org\/{rel}","templated":true}]}}