{"id":295,"date":"2025-12-24T18:42:36","date_gmt":"2025-12-24T18:42:36","guid":{"rendered":"https:\/\/ncriogensolutions.com\/?post_type=product&#038;p=295"},"modified":"2025-12-24T18:42:36","modified_gmt":"2025-12-24T18:42:36","slug":"nitrogen-liquid-per-a-crioterapia-i-aplicacions-mediques","status":"publish","type":"product","link":"https:\/\/ncriogensolutions.com\/ca\/producto\/nitrogeno-liquido-para-crioterapia-y-aplicaciones-medicas\/","title":{"rendered":"Nitrogen l\u00edquid per a crioter\u00e0pia i aplicacions m\u00e8diques"},"content":{"rendered":"<p data-start=\"2027\" data-end=\"2254\">El <strong data-start=\"2030\" data-end=\"2091\">nitrogen l\u00edquid per a crioter\u00e0pia i aplicacions m\u00e8diques<\/strong> est\u00e0 especialment orientat a centres m\u00e8dics, cl\u00edniques i professionals sanitaris que requereixen un subministrament fiable i segur per a tractaments de fred extrem.<\/p>\n<p data-start=\"2256\" data-end=\"2436\">Aquest producte \u00e9s compatible amb equips de crioter\u00e0pia i aplicacions dermatol\u00f2giques, i se subministra complint els est\u00e0ndards de seguretat i qualitat exigits al sector m\u00e8dic.<\/p>\n<p data-start=\"2438\" data-end=\"2466\"><strong data-start=\"2438\" data-end=\"2466\">Aplicacions habituals:<\/strong><\/p>\n<ul data-start=\"2467\" data-end=\"2570\">\n<li data-start=\"2467\" data-end=\"2491\">\n<p data-start=\"2469\" data-end=\"2491\">Crioter\u00e0pia localitzada<\/p>\n<\/li>\n<li data-start=\"2492\" data-end=\"2506\">\n<p data-start=\"2494\" data-end=\"2506\">Dermatologia<\/p>\n<\/li>\n<li data-start=\"2507\" data-end=\"2526\">\n<p data-start=\"2509\" data-end=\"2526\">Medicina est\u00e8tica<\/p>\n<\/li>\n<li data-start=\"2527\" data-end=\"2570\">\n<p data-start=\"2529\" data-end=\"2570\">Centres m\u00e8dics i cl\u00edniques especialitzades<\/p>\n<\/li>\n<\/ul>\n<p data-start=\"2572\" data-end=\"2605\"><strong data-start=\"2572\" data-end=\"2605\">Caracter\u00edstiques del servei:<\/strong><\/p>\n<ul data-start=\"2606\" data-end=\"2762\">\n<li data-start=\"2606\" data-end=\"2649\">\n<p data-start=\"2608\" data-end=\"2649\">Compatibilitat amb equips de crioter\u00e0pia<\/p>\n<\/li>\n<li data-start=\"2650\" data-end=\"2682\">\n<p data-start=\"2652\" data-end=\"2682\">Assessorament sobre \u00fas segur<\/p>\n<\/li>\n<li data-start=\"2683\" data-end=\"2729\">\n<p data-start=\"2685\" data-end=\"2729\">Possibilitat de manteniment de dispositius<\/p>\n<\/li>\n<li data-start=\"2730\" data-end=\"2762\">\n<p data-start=\"2732\" data-end=\"2762\">Disponibilitat 24h a Catalunya<\/p>\n<\/li>\n<\/ul>","protected":false},"excerpt":{"rendered":"<p>Nitrogen l\u00edquid indicat per a crioter\u00e0pia, dermatologia i aplicacions m\u00e8diques, amb subministrament segur i assessorament especialitzat.<\/p>","protected":false},"featured_media":296,"comment_status":"open","ping_status":"closed","template":"","meta":[],"product_brand":[],"product_cat":[22,21],"product_tag":[],"class_list":{"0":"post-295","1":"product","2":"type-product","3":"status-publish","4":"has-post-thumbnail","6":"product_cat-nitrogeno-liquido","7":"product_cat-productos-criogenicos","9":"first","10":"instock","11":"shipping-taxable","12":"product-type-simple"},"_links":{"self":[{"href":"https:\/\/ncriogensolutions.com\/ca\/wp-json\/wp\/v2\/product\/295","targetHints":{"allow":["GET"]}}],"collection":[{"href":"https:\/\/ncriogensolutions.com\/ca\/wp-json\/wp\/v2\/product"}],"about":[{"href":"https:\/\/ncriogensolutions.com\/ca\/wp-json\/wp\/v2\/types\/product"}],"replies":[{"embeddable":true,"href":"https:\/\/ncriogensolutions.com\/ca\/wp-json\/wp\/v2\/comments?post=295"}],"wp:featuredmedia":[{"embeddable":true,"href":"https:\/\/ncriogensolutions.com\/ca\/wp-json\/wp\/v2\/media\/296"}],"wp:attachment":[{"href":"https:\/\/ncriogensolutions.com\/ca\/wp-json\/wp\/v2\/media?parent=295"}],"wp:term":[{"taxonomy":"product_brand","embeddable":true,"href":"https:\/\/ncriogensolutions.com\/ca\/wp-json\/wp\/v2\/product_brand?post=295"},{"taxonomy":"product_cat","embeddable":true,"href":"https:\/\/ncriogensolutions.com\/ca\/wp-json\/wp\/v2\/product_cat?post=295"},{"taxonomy":"product_tag","embeddable":true,"href":"https:\/\/ncriogensolutions.com\/ca\/wp-json\/wp\/v2\/product_tag?post=295"}],"curies":[{"name":"wp","href":"https:\/\/api.w.org\/{rel}","templated":true}]}}