{"id":293,"date":"2025-12-24T18:36:21","date_gmt":"2025-12-24T18:36:21","guid":{"rendered":"https:\/\/ncriogensolutions.com\/?post_type=product&#038;p=293"},"modified":"2025-12-24T18:40:18","modified_gmt":"2025-12-24T18:40:18","slug":"nitrogen-liquido-per-a-us-professional","status":"publish","type":"product","link":"https:\/\/ncriogensolutions.com\/ca\/producto\/nitrogeno-liquido-para-uso-profesional\/","title":{"rendered":"Nitrogen l\u00edquid per a \u00fas professional"},"content":{"rendered":"<p data-start=\"673\" data-end=\"955\">El <strong data-start=\"676\" data-end=\"718\">nitrogen l\u00edquid per a \u00fas professional<\/strong> \u00e9s una soluci\u00f3 essencial per a sectors que requereixen temperatures extremadament baixes i un control prec\u00eds del proc\u00e9s. A Nitrotech Criogen Solutions oferim un subministrament segur, fiable i adaptat a les necessitats de cada client.<\/p>\n<p data-start=\"957\" data-end=\"1171\">Aquest producte est\u00e0 indicat per a aplicacions professionals on la qualitat del subministrament i la seguretat s\u00f3n priorit\u00e0ries. El nostre servei inclou transport autoritzat ADR i assessorament t\u00e8cnic especialitzat.<\/p>\n<p data-start=\"1173\" data-end=\"1201\"><strong data-start=\"1173\" data-end=\"1201\">Aplicacions habituals:<\/strong><\/p>\n<ul data-start=\"1202\" data-end=\"1301\">\n<li data-start=\"1202\" data-end=\"1229\">\n<p data-start=\"1204\" data-end=\"1229\">Alta cuina i gastronomia<\/p>\n<\/li>\n<li data-start=\"1230\" data-end=\"1261\">\n<p data-start=\"1232\" data-end=\"1261\">Ind\u00fastria i processos t\u00e8cnics<\/p>\n<\/li>\n<li data-start=\"1262\" data-end=\"1276\">\n<p data-start=\"1264\" data-end=\"1276\">Laboratoris<\/p>\n<\/li>\n<li data-start=\"1277\" data-end=\"1301\">\n<p data-start=\"1279\" data-end=\"1301\">Centres especialitzats<\/p>\n<\/li>\n<\/ul>\n<p data-start=\"1303\" data-end=\"1336\"><strong data-start=\"1303\" data-end=\"1336\">Caracter\u00edstiques del servei:<\/strong><\/p>\n<ul data-start=\"1337\" data-end=\"1483\">\n<li data-start=\"1337\" data-end=\"1380\">\n<p data-start=\"1339\" data-end=\"1380\">Subministrament en dewars de diferents mides<\/p>\n<\/li>\n<li data-start=\"1381\" data-end=\"1416\">\n<p data-start=\"1383\" data-end=\"1416\">Lliurament programat o sota demanda<\/p>\n<\/li>\n<li data-start=\"1417\" data-end=\"1449\">\n<p data-start=\"1419\" data-end=\"1449\">Assessorament t\u00e8cnic incl\u00f2s<\/p>\n<\/li>\n<li data-start=\"1450\" data-end=\"1483\">\n<p data-start=\"1452\" data-end=\"1483\">Servei disponible a Catalunya<\/p>\n<\/li>\n<\/ul>","protected":false},"excerpt":{"rendered":"<p>Subministrament de nitrogen l\u00edquid per a aplicacions professionals que requereixen fred extrem, precisi\u00f3 i seguretat. Servei disponible a tot Catalunya.<\/p>","protected":false},"featured_media":294,"comment_status":"open","ping_status":"closed","template":"","meta":[],"product_brand":[],"product_cat":[22,21],"product_tag":[],"class_list":{"0":"post-293","1":"product","2":"type-product","3":"status-publish","4":"has-post-thumbnail","6":"product_cat-nitrogeno-liquido","7":"product_cat-productos-criogenicos","9":"first","10":"instock","11":"shipping-taxable","12":"product-type-simple"},"_links":{"self":[{"href":"https:\/\/ncriogensolutions.com\/ca\/wp-json\/wp\/v2\/product\/293","targetHints":{"allow":["GET"]}}],"collection":[{"href":"https:\/\/ncriogensolutions.com\/ca\/wp-json\/wp\/v2\/product"}],"about":[{"href":"https:\/\/ncriogensolutions.com\/ca\/wp-json\/wp\/v2\/types\/product"}],"replies":[{"embeddable":true,"href":"https:\/\/ncriogensolutions.com\/ca\/wp-json\/wp\/v2\/comments?post=293"}],"wp:featuredmedia":[{"embeddable":true,"href":"https:\/\/ncriogensolutions.com\/ca\/wp-json\/wp\/v2\/media\/294"}],"wp:attachment":[{"href":"https:\/\/ncriogensolutions.com\/ca\/wp-json\/wp\/v2\/media?parent=293"}],"wp:term":[{"taxonomy":"product_brand","embeddable":true,"href":"https:\/\/ncriogensolutions.com\/ca\/wp-json\/wp\/v2\/product_brand?post=293"},{"taxonomy":"product_cat","embeddable":true,"href":"https:\/\/ncriogensolutions.com\/ca\/wp-json\/wp\/v2\/product_cat?post=293"},{"taxonomy":"product_tag","embeddable":true,"href":"https:\/\/ncriogensolutions.com\/ca\/wp-json\/wp\/v2\/product_tag?post=293"}],"curies":[{"name":"wp","href":"https:\/\/api.w.org\/{rel}","templated":true}]}}