{"id":230,"date":"2025-12-24T18:13:37","date_gmt":"2025-12-24T18:13:37","guid":{"rendered":"https:\/\/ncriogensolutions.com\/?page_id=230"},"modified":"2026-01-27T10:40:23","modified_gmt":"2026-01-27T10:40:23","slug":"productes-criogenics-en-cataluna","status":"publish","type":"page","link":"https:\/\/ncriogensolutions.com\/ca\/productos-criogenicos-en-cataluna\/","title":{"rendered":"Productes"},"content":{"rendered":"\t\t<div data-elementor-type=\"wp-page\" data-elementor-id=\"230\" class=\"elementor elementor-230\" data-elementor-post-type=\"page\">\n\t\t\t\t<div class=\"elementor-element elementor-element-3551692 e-flex e-con-boxed e-con e-parent\" data-id=\"3551692\" data-element_type=\"container\" data-e-type=\"container\" data-settings=\"{&quot;background_background&quot;:&quot;video&quot;,&quot;background_video_link&quot;:&quot;https:\\\/\\\/www.pexels.com\\\/download\\\/video\\\/9694222\\\/&quot;}\">\n\t\t\t\t\t<div class=\"e-con-inner\">\n\t\t<div class=\"elementor-background-video-container elementor-hidden-mobile\">\n\t\t\t\t\t\t\t<video class=\"elementor-background-video-hosted\" role=\"presentation\" autoplay muted playsinline loop><\/video>\n\t\t\t\t\t<\/div>\t\t<div class=\"elementor-element elementor-element-05e7ad5 elementor-headline--style-highlight elementor-widget elementor-widget-animated-headline\" data-id=\"05e7ad5\" data-element_type=\"widget\" data-e-type=\"widget\" data-settings=\"{&quot;highlighted_text&quot;:&quot;en Catalu\\u00f1a&quot;,&quot;headline_style&quot;:&quot;highlight&quot;,&quot;marker&quot;:&quot;circle&quot;,&quot;loop&quot;:&quot;yes&quot;,&quot;highlight_animation_duration&quot;:1200,&quot;highlight_iteration_delay&quot;:8000}\" data-widget_type=\"animated-headline.default\">\n\t\t\t\t\t\t\t<h1 class=\"elementor-headline\">\n\t\t\t\t\t<span class=\"elementor-headline-plain-text elementor-headline-text-wrapper\">Productos criog\u00e9nicos <\/span>\n\t\t\t\t<span class=\"elementor-headline-dynamic-wrapper elementor-headline-text-wrapper\">\n\t\t\t\t\t<span class=\"elementor-headline-dynamic-text elementor-headline-text-active\">en Catalu\u00f1a<\/span>\n\t\t\t\t<\/span>\n\t\t\t\t<\/h1>\n\t\t\t\t\t\t<\/div>\n\t\t\t\t<div class=\"elementor-element elementor-element-f1864cd elementor-align-center elementor-widget elementor-widget-breadcrumbs\" data-id=\"f1864cd\" data-element_type=\"widget\" data-e-type=\"widget\" data-widget_type=\"breadcrumbs.default\">\n\t\t\t\t<div class=\"elementor-widget-container\">\n\t\t\t\t\t<nav aria-label=\"breadcrumbs\" class=\"rank-math-breadcrumb\"><p><span class=\"last\">Inicio<\/span><\/p><\/nav>\t\t\t\t<\/div>\n\t\t\t\t<\/div>\n\t\t\t\t\t<\/div>\n\t\t\t\t<\/div>\n\t\t<div class=\"elementor-element elementor-element-08091c9 e-flex e-con-boxed elementor-invisible e-con e-parent\" data-id=\"08091c9\" data-element_type=\"container\" data-e-type=\"container\" data-settings=\"{&quot;background_background&quot;:&quot;classic&quot;,&quot;animation&quot;:&quot;fadeInUp&quot;}\">\n\t\t\t\t\t<div class=\"e-con-inner\">\n\t\t\t\t<div class=\"elementor-element elementor-element-c6d3472 elementor-widget elementor-widget-heading\" data-id=\"c6d3472\" data-element_type=\"widget\" data-e-type=\"widget\" data-widget_type=\"heading.default\">\n\t\t\t\t\t<div class=\"elementor-heading-title elementor-size-default\">Productos criog\u00e9nicos profesionales<\/div>\t\t\t\t<\/div>\n\t\t\t\t<div class=\"elementor-element elementor-element-2723ffd elementor-widget elementor-widget-heading\" data-id=\"2723ffd\" data-element_type=\"widget\" data-e-type=\"widget\" data-widget_type=\"heading.default\">\n\t\t\t\t\t<h2 class=\"elementor-heading-title elementor-size-default\">Productos certificados para aplicaciones profesionales\n<\/h2>\t\t\t\t<\/div>\n\t\t\t\t<div class=\"elementor-element elementor-element-35d669a elementor-widget elementor-widget-text-editor\" data-id=\"35d669a\" data-element_type=\"widget\" data-e-type=\"widget\" data-widget_type=\"text-editor.default\">\n\t\t\t\t\t\t\t\t\t<p>Nuestros productos est\u00e1n orientados a sectores que trabajan con fr\u00edo extremo y requieren materiales fiables, resistentes y seguros, cumpliendo con las normativas vigentes y las exigencias t\u00e9cnicas de cada aplicaci\u00f3n.<\/p>\t\t\t\t\t\t\t\t<\/div>\n\t\t\t\t<div class=\"elementor-element elementor-element-9ab4143 elementor-widget elementor-widget-jet-listing-grid\" data-id=\"9ab4143\" data-element_type=\"widget\" data-e-type=\"widget\" data-settings=\"{&quot;columns_tablet&quot;:&quot;2&quot;,&quot;columns_mobile&quot;:&quot;1&quot;,&quot;columns&quot;:3}\" data-widget_type=\"jet-listing-grid.default\">\n\t\t\t\t\t<div class=\"jet-listing-grid jet-listing\"><div class=\"jet-listing-grid__items grid-col-desk-3 grid-col-tablet-2 grid-col-mobile-1 jet-listing-grid--299 jet-equal-columns__wrapper woocommerce\" data-queried-id=\"230|WP_Post\" data-nav=\"{&quot;enabled&quot;:false,&quot;type&quot;:null,&quot;more_el&quot;:null,&quot;query&quot;:[],&quot;widget_settings&quot;:{&quot;lisitng_id&quot;:299,&quot;posts_num&quot;:6,&quot;columns&quot;:3,&quot;columns_tablet&quot;:2,&quot;columns_mobile&quot;:1,&quot;column_min_width&quot;:240,&quot;column_min_width_tablet&quot;:240,&quot;column_min_width_mobile&quot;:240,&quot;inline_columns_css&quot;:false,&quot;is_archive_template&quot;:&quot;&quot;,&quot;post_status&quot;:[&quot;publish&quot;],&quot;use_random_posts_num&quot;:&quot;&quot;,&quot;max_posts_num&quot;:9,&quot;not_found_message&quot;:&quot;No data was found&quot;,&quot;is_masonry&quot;:false,&quot;equal_columns_height&quot;:&quot;yes&quot;,&quot;use_load_more&quot;:&quot;&quot;,&quot;load_more_id&quot;:&quot;&quot;,&quot;load_more_type&quot;:&quot;click&quot;,&quot;load_more_offset&quot;:null,&quot;use_custom_post_types&quot;:&quot;&quot;,&quot;custom_post_types&quot;:[],&quot;hide_widget_if&quot;:&quot;&quot;,&quot;carousel_enabled&quot;:&quot;&quot;,&quot;slides_to_scroll&quot;:&quot;1&quot;,&quot;arrows&quot;:&quot;true&quot;,&quot;arrow_icon&quot;:&quot;fa fa-angle-left&quot;,&quot;dots&quot;:&quot;&quot;,&quot;autoplay&quot;:&quot;true&quot;,&quot;pause_on_hover&quot;:&quot;true&quot;,&quot;autoplay_speed&quot;:5000,&quot;infinite&quot;:&quot;true&quot;,&quot;center_mode&quot;:&quot;&quot;,&quot;effect&quot;:&quot;slide&quot;,&quot;speed&quot;:500,&quot;inject_alternative_items&quot;:&quot;&quot;,&quot;injection_items&quot;:[],&quot;scroll_slider_enabled&quot;:&quot;&quot;,&quot;scroll_slider_on&quot;:[&quot;desktop&quot;,&quot;tablet&quot;,&quot;mobile&quot;],&quot;custom_query&quot;:false,&quot;custom_query_id&quot;:&quot;&quot;,&quot;_element_id&quot;:&quot;&quot;,&quot;collapse_first_last_gap&quot;:false,&quot;list_tag_selection&quot;:&quot;&quot;,&quot;list_items_wrapper_tag&quot;:&quot;div&quot;,&quot;list_item_tag&quot;:&quot;div&quot;,&quot;empty_items_wrapper_tag&quot;:&quot;div&quot;}}\" data-page=\"1\" data-pages=\"1\" data-listing-source=\"posts\" data-listing-id=\"299\" data-query-id=\"\"><div class=\"jet-listing-grid__item jet-listing-dynamic-post-297 jet-equal-columns\" data-post-id=\"297\"  >\t\t<div data-elementor-type=\"jet-listing-items\" data-elementor-id=\"299\" class=\"elementor elementor-299\" data-elementor-post-type=\"jet-engine\">\n\t\t\t\t<div class=\"elementor-element elementor-element-2b766de e-con-full e-flex elementor-invisible e-con e-child\" data-id=\"2b766de\" data-element_type=\"container\" data-e-type=\"container\" data-settings=\"{&quot;background_background&quot;:&quot;classic&quot;,&quot;animation&quot;:&quot;fadeInUp&quot;,&quot;animation_delay&quot;:200}\">\n\t\t<div class=\"elementor-element elementor-element-2d08ad2 e-con-full e-flex e-con e-child\" data-id=\"2d08ad2\" data-element_type=\"container\" data-e-type=\"container\">\n\t\t\t\t<div class=\"elementor-element elementor-element-945e6f2 elementor-widget elementor-widget-image\" data-id=\"945e6f2\" data-element_type=\"widget\" data-e-type=\"widget\" data-widget_type=\"image.default\">\n\t\t\t\t\t\t\t\t\t\t\t\t\t\t\t<img fetchpriority=\"high\" decoding=\"async\" width=\"1707\" height=\"2560\" src=\"https:\/\/ncriogensolutions.com\/wp-content\/uploads\/2025\/12\/pexels-cottonbro-9694181-scaled.jpg\" class=\"attachment-full size-full wp-image-298\" alt=\"\" srcset=\"https:\/\/ncriogensolutions.com\/wp-content\/uploads\/2025\/12\/pexels-cottonbro-9694181-scaled.jpg 1707w, https:\/\/ncriogensolutions.com\/wp-content\/uploads\/2025\/12\/pexels-cottonbro-9694181-scaled-600x900.jpg 600w, https:\/\/ncriogensolutions.com\/wp-content\/uploads\/2025\/12\/pexels-cottonbro-9694181-200x300.jpg 200w, https:\/\/ncriogensolutions.com\/wp-content\/uploads\/2025\/12\/pexels-cottonbro-9694181-683x1024.jpg 683w, https:\/\/ncriogensolutions.com\/wp-content\/uploads\/2025\/12\/pexels-cottonbro-9694181-768x1152.jpg 768w, https:\/\/ncriogensolutions.com\/wp-content\/uploads\/2025\/12\/pexels-cottonbro-9694181-1024x1536.jpg 1024w, https:\/\/ncriogensolutions.com\/wp-content\/uploads\/2025\/12\/pexels-cottonbro-9694181-1365x2048.jpg 1365w\" sizes=\"(max-width: 1707px) 100vw, 1707px\" title=\"\">\t\t\t\t\t\t\t\t\t\t\t\t\t\t\t<\/div>\n\t\t\t\t<div class=\"elementor-element elementor-element-8a47546 elementor-widget elementor-widget-heading\" data-id=\"8a47546\" data-element_type=\"widget\" data-e-type=\"widget\" data-widget_type=\"heading.default\">\n\t\t\t\t\t<div class=\"elementor-heading-title elementor-size-default\">Hielo seco para uso profesional<\/div>\t\t\t\t<\/div>\n\t\t\t\t<div class=\"elementor-element elementor-element-f98f63c elementor-widget elementor-widget-text-editor\" data-id=\"f98f63c\" data-element_type=\"widget\" data-e-type=\"widget\" data-widget_type=\"text-editor.default\">\n\t\t\t\t\t\t\t\t\tSuministro de hielo seco para aplicaciones profesionales que requieren fr\u00edo extremo, conservaci\u00f3n segura y transporte&#8230;\t\t\t\t\t\t\t\t<\/div>\n\t\t\t\t<\/div>\n\t\t\t\t<div class=\"elementor-element elementor-element-0dae2f1 elementor-align-justify elementor-tablet-align-justify elementor-mobile-align-justify elementor-widget__width-inherit elementor-widget elementor-widget-button\" data-id=\"0dae2f1\" data-element_type=\"widget\" data-e-type=\"widget\" data-widget_type=\"button.default\">\n\t\t\t\t\t\t\t\t\t\t<a class=\"elementor-button elementor-button-link elementor-size-sm elementor-animation-shrink\" href=\"https:\/\/ncriogensolutions.com\/ca\/producto\/hielo-seco-para-uso-profesional\/\">\n\t\t\t\t\t\t<span class=\"elementor-button-content-wrapper\">\n\t\t\t\t\t\t<span class=\"elementor-button-icon\">\n\t\t\t\t<svg aria-hidden=\"true\" class=\"e-font-icon-svg e-fas-arrow-circle-right\" viewBox=\"0 0 512 512\" xmlns=\"http:\/\/www.w3.org\/2000\/svg\"><path d=\"M256 8c137 0 248 111 248 248S393 504 256 504 8 393 8 256 119 8 256 8zm-28.9 143.6l75.5 72.4H120c-13.3 0-24 10.7-24 24v16c0 13.3 10.7 24 24 24h182.6l-75.5 72.4c-9.7 9.3-9.9 24.8-.4 34.3l11 10.9c9.4 9.4 24.6 9.4 33.9 0L404.3 273c9.4-9.4 9.4-24.6 0-33.9L271.6 106.3c-9.4-9.4-24.6-9.4-33.9 0l-11 10.9c-9.5 9.6-9.3 25.1.4 34.4z\"><\/path><\/svg>\t\t\t<\/span>\n\t\t\t\t\t\t\t\t\t<span class=\"elementor-button-text\">Ver producto<\/span>\n\t\t\t\t\t<\/span>\n\t\t\t\t\t<\/a>\n\t\t\t\t\t\t\t\t<\/div>\n\t\t\t\t<\/div>\n\t\t\t\t<\/div>\n\t\t<\/div><div class=\"jet-listing-grid__item jet-listing-dynamic-post-295 jet-equal-columns\" data-post-id=\"295\"  >\t\t<div data-elementor-type=\"jet-listing-items\" data-elementor-id=\"299\" class=\"elementor elementor-299\" data-elementor-post-type=\"jet-engine\">\n\t\t\t\t<div class=\"elementor-element elementor-element-2b766de e-con-full e-flex elementor-invisible e-con e-child\" data-id=\"2b766de\" data-element_type=\"container\" data-e-type=\"container\" data-settings=\"{&quot;background_background&quot;:&quot;classic&quot;,&quot;animation&quot;:&quot;fadeInUp&quot;,&quot;animation_delay&quot;:200}\">\n\t\t<div class=\"elementor-element elementor-element-2d08ad2 e-con-full e-flex e-con e-child\" data-id=\"2d08ad2\" data-element_type=\"container\" data-e-type=\"container\">\n\t\t\t\t<div class=\"elementor-element elementor-element-945e6f2 elementor-widget elementor-widget-image\" data-id=\"945e6f2\" data-element_type=\"widget\" data-e-type=\"widget\" data-widget_type=\"image.default\">\n\t\t\t\t\t\t\t\t\t\t\t\t\t\t\t<img decoding=\"async\" width=\"1794\" height=\"2560\" src=\"https:\/\/ncriogensolutions.com\/wp-content\/uploads\/2025\/12\/pexels-cryobuilt-everest-21953413-6621991-scaled.jpg\" class=\"attachment-full size-full wp-image-296\" alt=\"\" srcset=\"https:\/\/ncriogensolutions.com\/wp-content\/uploads\/2025\/12\/pexels-cryobuilt-everest-21953413-6621991-scaled.jpg 1794w, https:\/\/ncriogensolutions.com\/wp-content\/uploads\/2025\/12\/pexels-cryobuilt-everest-21953413-6621991-scaled-600x856.jpg 600w, https:\/\/ncriogensolutions.com\/wp-content\/uploads\/2025\/12\/pexels-cryobuilt-everest-21953413-6621991-210x300.jpg 210w, https:\/\/ncriogensolutions.com\/wp-content\/uploads\/2025\/12\/pexels-cryobuilt-everest-21953413-6621991-718x1024.jpg 718w, https:\/\/ncriogensolutions.com\/wp-content\/uploads\/2025\/12\/pexels-cryobuilt-everest-21953413-6621991-768x1096.jpg 768w, https:\/\/ncriogensolutions.com\/wp-content\/uploads\/2025\/12\/pexels-cryobuilt-everest-21953413-6621991-1077x1536.jpg 1077w, https:\/\/ncriogensolutions.com\/wp-content\/uploads\/2025\/12\/pexels-cryobuilt-everest-21953413-6621991-1435x2048.jpg 1435w\" sizes=\"(max-width: 1794px) 100vw, 1794px\" title=\"\">\t\t\t\t\t\t\t\t\t\t\t\t\t\t\t<\/div>\n\t\t\t\t<div class=\"elementor-element elementor-element-8a47546 elementor-widget elementor-widget-heading\" data-id=\"8a47546\" data-element_type=\"widget\" data-e-type=\"widget\" data-widget_type=\"heading.default\">\n\t\t\t\t\t<div class=\"elementor-heading-title elementor-size-default\">Nitr\u00f3geno l\u00edquido para crioterapia y aplicaciones m\u00e9dicas<\/div>\t\t\t\t<\/div>\n\t\t\t\t<div class=\"elementor-element elementor-element-f98f63c elementor-widget elementor-widget-text-editor\" data-id=\"f98f63c\" data-element_type=\"widget\" data-e-type=\"widget\" data-widget_type=\"text-editor.default\">\n\t\t\t\t\t\t\t\t\tNitr\u00f3geno l\u00edquido indicado para crioterapia, dermatolog\u00eda y aplicaciones m\u00e9dicas, con suministro seguro y asesoramiento especializado&#8230;.\t\t\t\t\t\t\t\t<\/div>\n\t\t\t\t<\/div>\n\t\t\t\t<div class=\"elementor-element elementor-element-0dae2f1 elementor-align-justify elementor-tablet-align-justify elementor-mobile-align-justify elementor-widget__width-inherit elementor-widget elementor-widget-button\" data-id=\"0dae2f1\" data-element_type=\"widget\" data-e-type=\"widget\" data-widget_type=\"button.default\">\n\t\t\t\t\t\t\t\t\t\t<a class=\"elementor-button elementor-button-link elementor-size-sm elementor-animation-shrink\" href=\"https:\/\/ncriogensolutions.com\/ca\/producto\/nitrogeno-liquido-para-crioterapia-y-aplicaciones-medicas\/\">\n\t\t\t\t\t\t<span class=\"elementor-button-content-wrapper\">\n\t\t\t\t\t\t<span class=\"elementor-button-icon\">\n\t\t\t\t<svg aria-hidden=\"true\" class=\"e-font-icon-svg e-fas-arrow-circle-right\" viewBox=\"0 0 512 512\" xmlns=\"http:\/\/www.w3.org\/2000\/svg\"><path d=\"M256 8c137 0 248 111 248 248S393 504 256 504 8 393 8 256 119 8 256 8zm-28.9 143.6l75.5 72.4H120c-13.3 0-24 10.7-24 24v16c0 13.3 10.7 24 24 24h182.6l-75.5 72.4c-9.7 9.3-9.9 24.8-.4 34.3l11 10.9c9.4 9.4 24.6 9.4 33.9 0L404.3 273c9.4-9.4 9.4-24.6 0-33.9L271.6 106.3c-9.4-9.4-24.6-9.4-33.9 0l-11 10.9c-9.5 9.6-9.3 25.1.4 34.4z\"><\/path><\/svg>\t\t\t<\/span>\n\t\t\t\t\t\t\t\t\t<span class=\"elementor-button-text\">Ver producto<\/span>\n\t\t\t\t\t<\/span>\n\t\t\t\t\t<\/a>\n\t\t\t\t\t\t\t\t<\/div>\n\t\t\t\t<\/div>\n\t\t\t\t<\/div>\n\t\t<\/div><div class=\"jet-listing-grid__item jet-listing-dynamic-post-293 jet-equal-columns\" data-post-id=\"293\"  >\t\t<div data-elementor-type=\"jet-listing-items\" data-elementor-id=\"299\" class=\"elementor elementor-299\" data-elementor-post-type=\"jet-engine\">\n\t\t\t\t<div class=\"elementor-element elementor-element-2b766de e-con-full e-flex elementor-invisible e-con e-child\" data-id=\"2b766de\" data-element_type=\"container\" data-e-type=\"container\" data-settings=\"{&quot;background_background&quot;:&quot;classic&quot;,&quot;animation&quot;:&quot;fadeInUp&quot;,&quot;animation_delay&quot;:200}\">\n\t\t<div class=\"elementor-element elementor-element-2d08ad2 e-con-full e-flex e-con e-child\" data-id=\"2d08ad2\" data-element_type=\"container\" data-e-type=\"container\">\n\t\t\t\t<div class=\"elementor-element elementor-element-945e6f2 elementor-widget elementor-widget-image\" data-id=\"945e6f2\" data-element_type=\"widget\" data-e-type=\"widget\" data-widget_type=\"image.default\">\n\t\t\t\t\t\t\t\t\t\t\t\t\t\t\t<img decoding=\"async\" width=\"1280\" height=\"853\" src=\"https:\/\/ncriogensolutions.com\/wp-content\/uploads\/2025\/12\/pexels-david-disponett-1118410-2160309.jpg\" class=\"attachment-full size-full wp-image-294\" alt=\"\" srcset=\"https:\/\/ncriogensolutions.com\/wp-content\/uploads\/2025\/12\/pexels-david-disponett-1118410-2160309.jpg 1280w, https:\/\/ncriogensolutions.com\/wp-content\/uploads\/2025\/12\/pexels-david-disponett-1118410-2160309-600x400.jpg 600w, https:\/\/ncriogensolutions.com\/wp-content\/uploads\/2025\/12\/pexels-david-disponett-1118410-2160309-300x200.jpg 300w, https:\/\/ncriogensolutions.com\/wp-content\/uploads\/2025\/12\/pexels-david-disponett-1118410-2160309-1024x682.jpg 1024w, https:\/\/ncriogensolutions.com\/wp-content\/uploads\/2025\/12\/pexels-david-disponett-1118410-2160309-768x512.jpg 768w\" sizes=\"(max-width: 1280px) 100vw, 1280px\" title=\"\">\t\t\t\t\t\t\t\t\t\t\t\t\t\t\t<\/div>\n\t\t\t\t<div class=\"elementor-element elementor-element-8a47546 elementor-widget elementor-widget-heading\" data-id=\"8a47546\" data-element_type=\"widget\" data-e-type=\"widget\" data-widget_type=\"heading.default\">\n\t\t\t\t\t<div class=\"elementor-heading-title elementor-size-default\">Nitr\u00f3geno l\u00edquido para uso profesional<\/div>\t\t\t\t<\/div>\n\t\t\t\t<div class=\"elementor-element elementor-element-f98f63c elementor-widget elementor-widget-text-editor\" data-id=\"f98f63c\" data-element_type=\"widget\" data-e-type=\"widget\" data-widget_type=\"text-editor.default\">\n\t\t\t\t\t\t\t\t\tSuministro de nitr\u00f3geno l\u00edquido para aplicaciones profesionales que requieren fr\u00edo extremo, precisi\u00f3n y seguridad. Servicio&#8230;\t\t\t\t\t\t\t\t<\/div>\n\t\t\t\t<\/div>\n\t\t\t\t<div class=\"elementor-element elementor-element-0dae2f1 elementor-align-justify elementor-tablet-align-justify elementor-mobile-align-justify elementor-widget__width-inherit elementor-widget elementor-widget-button\" data-id=\"0dae2f1\" data-element_type=\"widget\" data-e-type=\"widget\" data-widget_type=\"button.default\">\n\t\t\t\t\t\t\t\t\t\t<a class=\"elementor-button elementor-button-link elementor-size-sm elementor-animation-shrink\" href=\"https:\/\/ncriogensolutions.com\/ca\/producto\/nitrogeno-liquido-para-uso-profesional\/\">\n\t\t\t\t\t\t<span class=\"elementor-button-content-wrapper\">\n\t\t\t\t\t\t<span class=\"elementor-button-icon\">\n\t\t\t\t<svg aria-hidden=\"true\" class=\"e-font-icon-svg e-fas-arrow-circle-right\" viewBox=\"0 0 512 512\" xmlns=\"http:\/\/www.w3.org\/2000\/svg\"><path d=\"M256 8c137 0 248 111 248 248S393 504 256 504 8 393 8 256 119 8 256 8zm-28.9 143.6l75.5 72.4H120c-13.3 0-24 10.7-24 24v16c0 13.3 10.7 24 24 24h182.6l-75.5 72.4c-9.7 9.3-9.9 24.8-.4 34.3l11 10.9c9.4 9.4 24.6 9.4 33.9 0L404.3 273c9.4-9.4 9.4-24.6 0-33.9L271.6 106.3c-9.4-9.4-24.6-9.4-33.9 0l-11 10.9c-9.5 9.6-9.3 25.1.4 34.4z\"><\/path><\/svg>\t\t\t<\/span>\n\t\t\t\t\t\t\t\t\t<span class=\"elementor-button-text\">Ver producto<\/span>\n\t\t\t\t\t<\/span>\n\t\t\t\t\t<\/a>\n\t\t\t\t\t\t\t\t<\/div>\n\t\t\t\t<\/div>\n\t\t\t\t<\/div>\n\t\t<\/div><\/div><\/div>\t\t\t\t<\/div>\n\t\t\t\t\t<\/div>\n\t\t\t\t<\/div>\n\t\t<div class=\"elementor-element elementor-element-727a93d e-con-full e-flex e-con e-parent\" data-id=\"727a93d\" data-element_type=\"container\" data-e-type=\"container\">\n\t\t\t\t<div class=\"elementor-element elementor-element-9305476 elementor-widget elementor-widget-template\" data-id=\"9305476\" data-element_type=\"widget\" data-e-type=\"widget\" data-widget_type=\"template.default\">\n\t\t\t\t<div class=\"elementor-widget-container\">\n\t\t\t\t\t\t\t<div class=\"elementor-template\">\n\t\t\t\t\t<div data-elementor-type=\"container\" data-elementor-id=\"221\" class=\"elementor elementor-221\" data-elementor-post-type=\"elementor_library\">\n\t\t\t\t<div class=\"elementor-element elementor-element-7d14c682 e-con-full e-flex e-con e-parent\" data-id=\"7d14c682\" data-element_type=\"container\" data-e-type=\"container\">\n\t\t<div class=\"elementor-element elementor-element-6fbe0399 e-con-full e-flex e-con e-child\" data-id=\"6fbe0399\" data-element_type=\"container\" data-e-type=\"container\" data-settings=\"{&quot;background_background&quot;:&quot;video&quot;,&quot;background_video_link&quot;:&quot;https:\\\/\\\/www.pexels.com\\\/download\\\/video\\\/9694228\\\/&quot;,&quot;background_play_on_mobile&quot;:&quot;yes&quot;}\">\n\t\t<div class=\"elementor-background-video-container\">\n\t\t\t\t\t\t\t<video class=\"elementor-background-video-hosted\" role=\"presentation\" autoplay muted playsinline loop><\/video>\n\t\t\t\t\t<\/div>\t\t<div class=\"elementor-element elementor-element-724948be elementor-widget__width-initial elementor-widget elementor-widget-heading\" data-id=\"724948be\" data-element_type=\"widget\" data-e-type=\"widget\" data-widget_type=\"heading.default\">\n\t\t\t\t\t<h2 class=\"elementor-heading-title elementor-size-default\">Un servicio cercano, seguro y profesional\ncuando m\u00e1s lo necesitas<\/h2>\t\t\t\t<\/div>\n\t\t\t\t<div class=\"elementor-element elementor-element-7b0a5753 elementor-widget__width-initial elementor-widget elementor-widget-text-editor\" data-id=\"7b0a5753\" data-element_type=\"widget\" data-e-type=\"widget\" data-widget_type=\"text-editor.default\">\n\t\t\t\t\t\t\t\t\t<p class=\"text-gray-300 text-lg md:text-xl max-w-2xl mx-auto mb-10 font-light\">Nuestro equipo est\u00e1 preparado para asesorarte y ofrecerte la mejor soluci\u00f3n criog\u00e9nica seg\u00fan tus necesidades, con un servicio \u00e1gil, responsable y de confianza.<\/p>\t\t\t\t\t\t\t\t<\/div>\n\t\t\t\t<div class=\"elementor-element elementor-element-24b23cdd elementor-align-center elementor-tablet-align-center elementor-mobile-align-justify elementor-widget elementor-widget-button\" data-id=\"24b23cdd\" data-element_type=\"widget\" data-e-type=\"widget\" data-widget_type=\"button.default\">\n\t\t\t\t\t\t\t\t\t\t<a class=\"elementor-button elementor-button-link elementor-size-sm elementor-animation-shrink\" href=\"https:\/\/ncriogensolutions.com\/ca\/contacto\/\">\n\t\t\t\t\t\t<span class=\"elementor-button-content-wrapper\">\n\t\t\t\t\t\t<span class=\"elementor-button-icon\">\n\t\t\t\t<svg aria-hidden=\"true\" class=\"e-font-icon-svg e-fas-arrow-circle-right\" viewBox=\"0 0 512 512\" xmlns=\"http:\/\/www.w3.org\/2000\/svg\"><path d=\"M256 8c137 0 248 111 248 248S393 504 256 504 8 393 8 256 119 8 256 8zm-28.9 143.6l75.5 72.4H120c-13.3 0-24 10.7-24 24v16c0 13.3 10.7 24 24 24h182.6l-75.5 72.4c-9.7 9.3-9.9 24.8-.4 34.3l11 10.9c9.4 9.4 24.6 9.4 33.9 0L404.3 273c9.4-9.4 9.4-24.6 0-33.9L271.6 106.3c-9.4-9.4-24.6-9.4-33.9 0l-11 10.9c-9.5 9.6-9.3 25.1.4 34.4z\"><\/path><\/svg>\t\t\t<\/span>\n\t\t\t\t\t\t\t\t\t<span class=\"elementor-button-text\">Contactar ahora<\/span>\n\t\t\t\t\t<\/span>\n\t\t\t\t\t<\/a>\n\t\t\t\t\t\t\t\t<\/div>\n\t\t\t\t<\/div>\n\t\t\t\t<\/div>\n\t\t\t\t<\/div>\n\t\t\t\t<\/div>\n\t\t\t\t\t\t<\/div>\n\t\t\t\t<\/div>\n\t\t\t\t<\/div>\n\t\t\t\t<\/div>\n\t\t","protected":false},"excerpt":{"rendered":"<p>Productos criog\u00e9nicos en Catalu\u00f1a Inicio Productos criog\u00e9nicos profesionales Productos certificados para aplicaciones profesionales Nuestros productos est\u00e1n orientados a sectores que trabajan con fr\u00edo extremo y requieren materiales fiables, resistentes y seguros, cumpliendo con las normativas vigentes y las exigencias t\u00e9cnicas de cada aplicaci\u00f3n. Ver producto Ver producto Ver producto<\/p>","protected":false},"author":1,"featured_media":0,"parent":0,"menu_order":0,"comment_status":"closed","ping_status":"closed","template":"","meta":{"footnotes":""},"class_list":["post-230","page","type-page","status-publish","hentry"],"_links":{"self":[{"href":"https:\/\/ncriogensolutions.com\/ca\/wp-json\/wp\/v2\/pages\/230","targetHints":{"allow":["GET"]}}],"collection":[{"href":"https:\/\/ncriogensolutions.com\/ca\/wp-json\/wp\/v2\/pages"}],"about":[{"href":"https:\/\/ncriogensolutions.com\/ca\/wp-json\/wp\/v2\/types\/page"}],"author":[{"embeddable":true,"href":"https:\/\/ncriogensolutions.com\/ca\/wp-json\/wp\/v2\/users\/1"}],"replies":[{"embeddable":true,"href":"https:\/\/ncriogensolutions.com\/ca\/wp-json\/wp\/v2\/comments?post=230"}],"version-history":[{"count":16,"href":"https:\/\/ncriogensolutions.com\/ca\/wp-json\/wp\/v2\/pages\/230\/revisions"}],"predecessor-version":[{"id":491,"href":"https:\/\/ncriogensolutions.com\/ca\/wp-json\/wp\/v2\/pages\/230\/revisions\/491"}],"wp:attachment":[{"href":"https:\/\/ncriogensolutions.com\/ca\/wp-json\/wp\/v2\/media?parent=230"}],"curies":[{"name":"wp","href":"https:\/\/api.w.org\/{rel}","templated":true}]}}